{"id":731,"date":"2020-09-21T15:37:53","date_gmt":"2020-09-21T18:37:53","guid":{"rendered":"http:\/\/safacasilda.com\/web2\/web\/?page_id=731"},"modified":"2020-09-21T15:39:53","modified_gmt":"2020-09-21T18:39:53","slug":"bodas-de-oro","status":"publish","type":"page","link":"https:\/\/safacasilda.com\/web2\/bodas-de-oro\/","title":{"rendered":"BODAS DE ORO"},"content":{"rendered":"<p>[et_pb_section fb_built=\u00bb1&#8243; custom_padding_last_edited=\u00bbon|desktop\u00bb admin_label=\u00bbHeader\u00bb _builder_version=\u00bb4.5.6&#8243; background_enable_image=\u00bboff\u00bb background_size=\u00bbcontain\u00bb background_position=\u00bbtop_right\u00bb custom_padding=\u00bb38px||||false|false\u00bb custom_padding_tablet=\u00bb140px|0px|50px|0px|false|false\u00bb custom_padding_phone=\u00bb120px|||\u00bb][et_pb_row _builder_version=\u00bb3.25&#8243; max_width=\u00bb1280px\u00bb use_custom_width=\u00bbon\u00bb custom_width_px=\u00bb1280px\u00bb][et_pb_column type=\u00bb4_4&#8243; _builder_version=\u00bb3.25&#8243; custom_padding=\u00bb|||\u00bb custom_padding__hover=\u00bb|||\u00bb][et_pb_text _builder_version=\u00bb4.5.6&#8243; text_font=\u00bb||||||||\u00bb text_font_size=\u00bb18px\u00bb text_line_height=\u00bb2em\u00bb header_font=\u00bbEB Garamond||||||||\u00bb header_font_size=\u00bb60px\u00bb header_line_height=\u00bb1.3em\u00bb max_width=\u00bb600px\u00bb hover_enabled=\u00bb0&#8243; text_font_size_tablet=\u00bb\u00bb text_font_size_phone=\u00bb15px\u00bb text_font_size_last_edited=\u00bbon|phone\u00bb text_line_height_tablet=\u00bb\u00bb text_line_height_phone=\u00bb1.6em\u00bb text_line_height_last_edited=\u00bbon|phone\u00bb header_font_size_tablet=\u00bb50px\u00bb header_font_size_phone=\u00bb32px\u00bb header_font_size_last_edited=\u00bbon|phone\u00bb]<\/p>\n<h1>BODAS DE ORO<\/h1>\n<p>[\/et_pb_text][et_pb_blurb image=\u00bbhttp:\/\/safacasilda.com\/web2\/web\/wp-content\/uploads\/2020\/09\/libro50anos.jpeg\u00bb _builder_version=\u00bb4.5.6&#8243; _module_preset=\u00bbdefault\u00bb header_text_align=\u00bbcenter\u00bb header_text_color=\u00bb#c42036&#8243; border_color_all_image=\u00bb#c42036&#8243; border_color_right_image=\u00bb#c42036&#8243; box_shadow_style_image=\u00bbpreset2&#8243;][\/et_pb_blurb][et_pb_text _builder_version=\u00bb4.5.6&#8243; _module_preset=\u00bbdefault\u00bb hover_enabled=\u00bb0&#8243;]<\/p>\n<p style=\"text-align: justify;\"><span style=\"font-size: medium;\"><strong> <span color=\"#050505\" style=\"color: #050505;\"><span face=\"inherit, serif\"><span size=\"3\">LIBRO BODAS DE ORO SAFA CASILDA<\/span><\/span><\/span><\/strong><\/span><\/p>\n<p style=\"text-align: justify;\"><span color=\"#050505\" style=\"color: #050505;\"><span face=\"inherit, serif\"><span size=\"3\" style=\"font-size: medium;\">El d\u00eda 9 de octubre de 2018, con mucha emoci\u00f3n, presentamos el libro \u201cEscuela Sagrada Familia \u2013 50 a\u00f1os de Historia\u201d, un libro homenaje escrito con orgullo y sentido de pertenencia a esta Instituci\u00f3n Educativa de Casilda. Resume vivencias, an\u00e9cdotas, historias vividas en estas paredes tan queridas, que no representan solamente una Escuela, sino nuestro hogar. <\/span><\/span><\/span><\/p>\n<p style=\"text-align: justify;\"><span color=\"#050505\" style=\"color: #050505;\"><span face=\"inherit, serif\"><span size=\"3\" style=\"font-size: medium;\">Lo presentamos formalmente el viernes 12 de Octubre en nuestro Acto Oficial. Agradecemos a la Instituci\u00f3n por apoyarnos en este proyecto y a todos los que aportaron informaci\u00f3n valiosa a estas p\u00e1ginas.<\/span><\/span><\/span><\/p>\n<p style=\"text-align: justify;\"><span color=\"#050505\" style=\"color: #050505;\"><span face=\"inherit, serif\"><span size=\"3\" style=\"font-size: medium;\">Gabriela, Patricia y Jorge.<\/span><\/span><\/span><\/p>\n<p>&nbsp;<\/p>\n<p>.<\/p>\n<p>[\/et_pb_text][\/et_pb_column][\/et_pb_row][\/et_pb_section]<\/p>\n","protected":false},"excerpt":{"rendered":"<p>[et_pb_section fb_built=\u00bb1&#8243; custom_padding_last_edited=\u00bbon|desktop\u00bb admin_label=\u00bbHeader\u00bb _builder_version=\u00bb4.5.6&#8243; background_enable_image=\u00bboff\u00bb background_size=\u00bbcontain\u00bb background_position=\u00bbtop_right\u00bb custom_padding=\u00bb38px||||false|false\u00bb custom_padding_tablet=\u00bb140px|0px|50px|0px|false|false\u00bb custom_padding_phone=\u00bb120px|||\u00bb][et_pb_row _builder_version=\u00bb3.25&#8243; max_width=\u00bb1280px\u00bb use_custom_width=\u00bbon\u00bb custom_width_px=\u00bb1280px\u00bb][et_pb_column type=\u00bb4_4&#8243; _builder_version=\u00bb3.25&#8243; custom_padding=\u00bb|||\u00bb custom_padding__hover=\u00bb|||\u00bb][et_pb_text _builder_version=\u00bb4.5.6&#8243; text_font=\u00bb||||||||\u00bb text_font_size=\u00bb18px\u00bb text_line_height=\u00bb2em\u00bb header_font=\u00bbEB Garamond||||||||\u00bb header_font_size=\u00bb60px\u00bb header_line_height=\u00bb1.3em\u00bb max_width=\u00bb600px\u00bb hover_enabled=\u00bb0&#8243; text_font_size_tablet=\u00bb\u00bb text_font_size_phone=\u00bb15px\u00bb text_font_size_last_edited=\u00bbon|phone\u00bb text_line_height_tablet=\u00bb\u00bb text_line_height_phone=\u00bb1.6em\u00bb text_line_height_last_edited=\u00bbon|phone\u00bb header_font_size_tablet=\u00bb50px\u00bb header_font_size_phone=\u00bb32px\u00bb header_font_size_last_edited=\u00bbon|phone\u00bb] BODAS DE ORO [\/et_pb_text][et_pb_blurb image=\u00bbhttp:\/\/safacasilda.com\/web2\/web\/wp-content\/uploads\/2020\/09\/libro50anos.jpeg\u00bb _builder_version=\u00bb4.5.6&#8243; _module_preset=\u00bbdefault\u00bb header_text_align=\u00bbcenter\u00bb header_text_color=\u00bb#c42036&#8243; border_color_all_image=\u00bb#c42036&#8243; border_color_right_image=\u00bb#c42036&#8243; box_shadow_style_image=\u00bbpreset2&#8243;][\/et_pb_blurb][et_pb_text _builder_version=\u00bb4.5.6&#8243; _module_preset=\u00bbdefault\u00bb hover_enabled=\u00bb0&#8243;] LIBRO BODAS [&hellip;]<\/p>\n","protected":false},"author":1,"featured_media":0,"parent":0,"menu_order":0,"comment_status":"closed","ping_status":"closed","template":"","meta":{"_et_pb_use_builder":"on","_et_pb_old_content":"","_et_gb_content_width":"","footnotes":""},"class_list":["post-731","page","type-page","status-publish","hentry"],"_links":{"self":[{"href":"https:\/\/safacasilda.com\/web2\/wp-json\/wp\/v2\/pages\/731","targetHints":{"allow":["GET"]}}],"collection":[{"href":"https:\/\/safacasilda.com\/web2\/wp-json\/wp\/v2\/pages"}],"about":[{"href":"https:\/\/safacasilda.com\/web2\/wp-json\/wp\/v2\/types\/page"}],"author":[{"embeddable":true,"href":"https:\/\/safacasilda.com\/web2\/wp-json\/wp\/v2\/users\/1"}],"replies":[{"embeddable":true,"href":"https:\/\/safacasilda.com\/web2\/wp-json\/wp\/v2\/comments?post=731"}],"version-history":[{"count":2,"href":"https:\/\/safacasilda.com\/web2\/wp-json\/wp\/v2\/pages\/731\/revisions"}],"predecessor-version":[{"id":734,"href":"https:\/\/safacasilda.com\/web2\/wp-json\/wp\/v2\/pages\/731\/revisions\/734"}],"wp:attachment":[{"href":"https:\/\/safacasilda.com\/web2\/wp-json\/wp\/v2\/media?parent=731"}],"curies":[{"name":"wp","href":"https:\/\/api.w.org\/{rel}","templated":true}]}}