{"id":708,"date":"2020-09-21T12:00:28","date_gmt":"2020-09-21T15:00:28","guid":{"rendered":"http:\/\/safacasilda.com\/web2\/web\/?page_id=708"},"modified":"2020-09-21T12:05:18","modified_gmt":"2020-09-21T15:05:18","slug":"visitas-tecnicas-2","status":"publish","type":"page","link":"https:\/\/safacasilda.com\/web2\/visitas-tecnicas-2\/","title":{"rendered":"VISITAS T\u00c9CNICAS"},"content":{"rendered":"<p>[et_pb_section fb_built=\u00bb1&#8243; custom_padding_last_edited=\u00bbon|desktop\u00bb admin_label=\u00bbHeader\u00bb _builder_version=\u00bb4.5.6&#8243; use_background_color_gradient=\u00bbon\u00bb background_color_gradient_start=\u00bb#ffffff\u00bb background_color_gradient_end=\u00bb#f2f2f\u00bb background_enable_image=\u00bboff\u00bb background_size=\u00bbcontain\u00bb background_position=\u00bbtop_right\u00bb custom_padding=\u00bb38px||||false|false\u00bb custom_padding_tablet=\u00bb140px|0px|50px|0px|false|false\u00bb custom_padding_phone=\u00bb120px|||\u00bb][et_pb_row _builder_version=\u00bb3.25&#8243; max_width=\u00bb1280px\u00bb use_custom_width=\u00bbon\u00bb custom_width_px=\u00bb1280px\u00bb][et_pb_column type=\u00bb4_4&#8243; _builder_version=\u00bb3.25&#8243; custom_padding=\u00bb|||\u00bb custom_padding__hover=\u00bb|||\u00bb][et_pb_text _builder_version=\u00bb4.5.6&#8243; text_font=\u00bb||||||||\u00bb text_font_size=\u00bb18px\u00bb text_line_height=\u00bb2em\u00bb header_font=\u00bbEB Garamond||||||||\u00bb header_font_size=\u00bb60px\u00bb header_line_height=\u00bb1.3em\u00bb max_width=\u00bb1264px\u00bb text_font_size_tablet=\u00bb\u00bb text_font_size_phone=\u00bb15px\u00bb text_font_size_last_edited=\u00bbon|phone\u00bb text_line_height_tablet=\u00bb\u00bb text_line_height_phone=\u00bb1.6em\u00bb text_line_height_last_edited=\u00bbon|phone\u00bb header_font_size_tablet=\u00bb50px\u00bb header_font_size_phone=\u00bb32px\u00bb header_font_size_last_edited=\u00bbon|phone\u00bb]<\/p>\n<h1>VISITAS T\u00c9CNICAS<\/h1>\n<p>[\/et_pb_text][et_pb_text _builder_version=\u00bb4.5.6&#8243; _module_preset=\u00bbdefault\u00bb hover_enabled=\u00bb0&#8243;]<\/p>\n<p style=\"text-align: justify;\">Atentos al perfil de nuestros egresados, los procesos industriales modernos convocan\u00a0los saberes y las pr\u00e1cticas m\u00e1s relevantes del mundo del trabajo. Las Visitas T\u00e9cnicas\u00a0potenciar\u00e1n los conocimientos, las pr\u00e1cticas y destrezas de los futuros t\u00e9cnicos,\u00a0logrando acercar a los j\u00f3venes al mundo del trabajo en ambientes con tecnolog\u00edas de\u00a0\u00faltima generaci\u00f3n y procesos de producci\u00f3n ultramodernos. Adem\u00e1s, permitir\u00e1n una\u00a0integraci\u00f3n mayor dentro del grupo de alumnos, donde la convivencia, camarader\u00eda,\u00a0solidaridad y compa\u00f1erismo tendr\u00e1n una nueva oportunidad de aparecer y\u00a0solidificarse, templando un esp\u00edritu de grupo fiel al estilo Nazareno.<\/p>\n<p>[\/et_pb_text][et_pb_gallery _builder_version=\u00bb4.5.6&#8243; _module_preset=\u00bbdefault\u00bb gallery_ids=\u00bb711,712,713,714,715,716,717,718,719,720,721,722,723&#8243; hover_enabled=\u00bb0&#8243;][\/et_pb_gallery][\/et_pb_column][\/et_pb_row][\/et_pb_section]<\/p>\n","protected":false},"excerpt":{"rendered":"<p>[et_pb_section fb_built=\u00bb1&#8243; custom_padding_last_edited=\u00bbon|desktop\u00bb admin_label=\u00bbHeader\u00bb _builder_version=\u00bb4.5.6&#8243; use_background_color_gradient=\u00bbon\u00bb background_color_gradient_start=\u00bb#ffffff\u00bb background_color_gradient_end=\u00bb#f2f2f\u00bb background_enable_image=\u00bboff\u00bb background_size=\u00bbcontain\u00bb background_position=\u00bbtop_right\u00bb custom_padding=\u00bb38px||||false|false\u00bb custom_padding_tablet=\u00bb140px|0px|50px|0px|false|false\u00bb custom_padding_phone=\u00bb120px|||\u00bb][et_pb_row _builder_version=\u00bb3.25&#8243; max_width=\u00bb1280px\u00bb use_custom_width=\u00bbon\u00bb custom_width_px=\u00bb1280px\u00bb][et_pb_column type=\u00bb4_4&#8243; _builder_version=\u00bb3.25&#8243; custom_padding=\u00bb|||\u00bb custom_padding__hover=\u00bb|||\u00bb][et_pb_text _builder_version=\u00bb4.5.6&#8243; text_font=\u00bb||||||||\u00bb text_font_size=\u00bb18px\u00bb text_line_height=\u00bb2em\u00bb header_font=\u00bbEB Garamond||||||||\u00bb header_font_size=\u00bb60px\u00bb header_line_height=\u00bb1.3em\u00bb max_width=\u00bb1264px\u00bb text_font_size_tablet=\u00bb\u00bb text_font_size_phone=\u00bb15px\u00bb text_font_size_last_edited=\u00bbon|phone\u00bb text_line_height_tablet=\u00bb\u00bb text_line_height_phone=\u00bb1.6em\u00bb text_line_height_last_edited=\u00bbon|phone\u00bb header_font_size_tablet=\u00bb50px\u00bb header_font_size_phone=\u00bb32px\u00bb header_font_size_last_edited=\u00bbon|phone\u00bb] VISITAS T\u00c9CNICAS [\/et_pb_text][et_pb_text _builder_version=\u00bb4.5.6&#8243; _module_preset=\u00bbdefault\u00bb hover_enabled=\u00bb0&#8243;] Atentos al perfil de nuestros egresados, los procesos industriales [&hellip;]<\/p>\n","protected":false},"author":1,"featured_media":0,"parent":0,"menu_order":0,"comment_status":"closed","ping_status":"closed","template":"","meta":{"_et_pb_use_builder":"on","_et_pb_old_content":"","_et_gb_content_width":"","footnotes":""},"class_list":["post-708","page","type-page","status-publish","hentry"],"_links":{"self":[{"href":"https:\/\/safacasilda.com\/web2\/wp-json\/wp\/v2\/pages\/708","targetHints":{"allow":["GET"]}}],"collection":[{"href":"https:\/\/safacasilda.com\/web2\/wp-json\/wp\/v2\/pages"}],"about":[{"href":"https:\/\/safacasilda.com\/web2\/wp-json\/wp\/v2\/types\/page"}],"author":[{"embeddable":true,"href":"https:\/\/safacasilda.com\/web2\/wp-json\/wp\/v2\/users\/1"}],"replies":[{"embeddable":true,"href":"https:\/\/safacasilda.com\/web2\/wp-json\/wp\/v2\/comments?post=708"}],"version-history":[{"count":2,"href":"https:\/\/safacasilda.com\/web2\/wp-json\/wp\/v2\/pages\/708\/revisions"}],"predecessor-version":[{"id":724,"href":"https:\/\/safacasilda.com\/web2\/wp-json\/wp\/v2\/pages\/708\/revisions\/724"}],"wp:attachment":[{"href":"https:\/\/safacasilda.com\/web2\/wp-json\/wp\/v2\/media?parent=708"}],"curies":[{"name":"wp","href":"https:\/\/api.w.org\/{rel}","templated":true}]}}