{"id":538,"date":"2020-09-15T11:02:10","date_gmt":"2020-09-15T14:02:10","guid":{"rendered":"http:\/\/localhost\/HTDOCS\/safa\/web\/?page_id=538"},"modified":"2021-06-26T23:19:09","modified_gmt":"2021-06-27T02:19:09","slug":"escudo","status":"publish","type":"page","link":"https:\/\/safacasilda.com\/web2\/escudo\/","title":{"rendered":"ESCUDO"},"content":{"rendered":"<p>[et_pb_section fb_built=\u00bb1&#8243; custom_padding_last_edited=\u00bbon|desktop\u00bb admin_label=\u00bbHeader\u00bb _builder_version=\u00bb4.5.6&#8243; use_background_color_gradient=\u00bbon\u00bb background_color_gradient_start=\u00bb#ffffff\u00bb background_color_gradient_end=\u00bb#F2F2F2&#8243; background_enable_image=\u00bboff\u00bb background_size=\u00bbcontain\u00bb background_position=\u00bbtop_right\u00bb custom_padding=\u00bb38px||||false|false\u00bb custom_padding_tablet=\u00bb140px|0px|50px|0px|false|false\u00bb custom_padding_phone=\u00bb120px|||\u00bb width=\u00bb100%\u00bb][et_pb_row _builder_version=\u00bb3.25&#8243; max_width=\u00bb1280px\u00bb use_custom_width=\u00bbon\u00bb custom_width_px=\u00bb1280px\u00bb][et_pb_column type=\u00bb4_4&#8243; _builder_version=\u00bb3.25&#8243; custom_padding=\u00bb|||\u00bb custom_padding__hover=\u00bb|||\u00bb][et_pb_text _builder_version=\u00bb4.5.6&#8243; text_font=\u00bb||||||||\u00bb text_font_size=\u00bb18px\u00bb text_line_height=\u00bb2em\u00bb header_font=\u00bbEB Garamond||||||||\u00bb header_font_size=\u00bb60px\u00bb header_line_height=\u00bb1.3em\u00bb max_width=\u00bb600px\u00bb text_font_size_tablet=\u00bb\u00bb text_font_size_phone=\u00bb15px\u00bb text_font_size_last_edited=\u00bbon|phone\u00bb text_line_height_tablet=\u00bb\u00bb text_line_height_phone=\u00bb1.6em\u00bb text_line_height_last_edited=\u00bbon|phone\u00bb header_font_size_tablet=\u00bb50px\u00bb header_font_size_phone=\u00bb32px\u00bb header_font_size_last_edited=\u00bbon|phone\u00bb]<\/p>\n<h1>ESCUDO<\/h1>\n<p>[\/et_pb_text][et_pb_text disabled_on=\u00bboff|off|off\u00bb _builder_version=\u00bb4.5.6&#8243; _module_preset=\u00bbdefault\u00bb hover_enabled=\u00bb0&#8243;]<\/p>\n<p style=\"text-align: justify;\"><b>El escudo de los Hermanos de la Sagrada Familia<\/b><span style=\"font-weight: 400;\">, se gest\u00f3 en enero de 1947. En esa fecha se aprob\u00f3 que el mismo respondiera al lema: \u00abIN ORATIONE, LABORE ET CHARITATE: PAX\u00bb (\u00abEn la oraci\u00f3n, el trabajo y la caridad: Paz\u00bb).<\/span><\/p>\n<p style=\"text-align: justify;\"><span style=\"font-weight: 400;\">Nuestro escudo es del estilo hispano-franc\u00e9s. El mismo es cuartelado en cruz, el campo aparece dividido en cuatro partes iguales. El primer cuartel de azur (azul oscuro) con la estrella dorada de seis puntas, y con tres rayos dirigidos hacia cada uno de los otros cuarteles; el segundo de gules (rojo) con un libro, una llama y un engranaje y el tercero totalmente de gules (rojo); el cuarto de gules (rojo) con una colmena dorada acompa\u00f1ada en la parte superior de dos abejas del mismo color y la cruz de plata (blanco) integrando el conjunto.<\/span><\/p>\n<p><span style=\"font-weight: 400;\"><\/span><\/p>\n<p><span style=\"font-weight: 400;\"><\/span><\/p>\n<p><b>SIGNIFICADO DE LOS COLORES<\/b><\/p>\n<p><b><img loading=\"lazy\" decoding=\"async\" src=\"https:\/\/safacasilda.com\/web2\/wp-content\/uploads\/2020\/09\/1-300x58.png\" width=\"362\" height=\"70\" alt=\"\" class=\"wp-image-621 alignnone size-medium\" style=\"display: block; margin-left: auto; margin-right: auto;\" \/><\/b><\/p>\n<p><b><\/b><\/p>\n<p><b>SIGNIFICADO DE LOS S\u00cdMBOLOS<\/b><\/p>\n<p style=\"text-align: center;\"><img loading=\"lazy\" decoding=\"async\" src=\"https:\/\/safacasilda.com\/web2\/wp-content\/uploads\/2020\/09\/LOGO-SAFA-2020-FINAL-512-235x300.png\" width=\"235\" height=\"300\" alt=\"\" class=\"wp-image-594 alignnone size-medium\" srcset=\"https:\/\/safacasilda.com\/web2\/wp-content\/uploads\/2020\/09\/LOGO-SAFA-2020-FINAL-512-235x300.png 235w, https:\/\/safacasilda.com\/web2\/wp-content\/uploads\/2020\/09\/LOGO-SAFA-2020-FINAL-512.png 401w\" sizes=\"auto, (max-width: 235px) 100vw, 235px\" \/><\/p>\n<p style=\"text-align: center;\"><b><\/b><\/p>\n<p style=\"text-align: justify;\"><b>Primer cuartel<\/b><br \/> Fondo azul donde brilla una estrella dorada de seis puntas con tres rayos del mismo color, dirigidos hacia cada uno de los otros cuarteles.<br \/> La estrella, con sus reflejos pac\u00edficos, es el s\u00edmbolo llamativo de la paz que el Salvador prometi\u00f3 en Bel\u00e9n a sus verdaderos disc\u00edpulos y a los que cumplan fielmente su mandamiento: amarnos los unos a los otros como \u00c9l nos ha amado.<\/p>\n<p><img loading=\"lazy\" decoding=\"async\" src=\"https:\/\/safacasilda.com\/web2\/wp-content\/uploads\/2020\/09\/2-1-227x300.jpg\" width=\"227\" height=\"300\" alt=\"\" class=\"wp-image-615 alignnone size-medium\" style=\"display: block; margin-left: auto; margin-right: auto;\" \/><\/p>\n<p style=\"text-align: justify;\"><b>Segundo cuartel<\/b><br \/> El libro, la llama y el engranaje sintetizan saber y t\u00e9cnica.<br \/> <img loading=\"lazy\" decoding=\"async\" src=\"https:\/\/safacasilda.com\/web2\/wp-content\/uploads\/2020\/09\/3-1-235x300.jpg\" width=\"235\" height=\"300\" alt=\"\" class=\"wp-image-616 alignnone size-medium\" style=\"display: block; margin-left: auto; margin-right: auto;\" \/><\/p>\n<p style=\"text-align: justify;\"><b>Tercer cuartel<\/b><br \/> Fondo color rojo de la sangre que ama, lucha y reza con nosotros. Es la vida y el s\u00edmbolo del amor victorioso.<br \/> <img loading=\"lazy\" decoding=\"async\" src=\"https:\/\/safacasilda.com\/web2\/wp-content\/uploads\/2020\/09\/5-1-261x300.jpg\" width=\"261\" height=\"300\" alt=\"\" class=\"wp-image-618 alignnone size-medium\" style=\"display: block; margin-left: auto; margin-right: auto;\" \/><\/p>\n<p style=\"text-align: justify;\"><b>Cuarto cuartel<\/b><br \/> Fondo color rojo y colmena dorada con dos abejas obreras, aqu\u00ed aparece reflejada la idea de comunidad esencial en nuestra vida, ya que Jes\u00fas, Mar\u00eda y Jos\u00e9 son nuestros patronos, formando familia.<br \/> <img loading=\"lazy\" decoding=\"async\" src=\"https:\/\/safacasilda.com\/web2\/wp-content\/uploads\/2020\/09\/4-1-261x300.jpg\" width=\"261\" height=\"300\" alt=\"\" class=\"wp-image-617 alignnone size-medium\" style=\"display: block; margin-left: auto; margin-right: auto;\" \/><\/p>\n<p>[\/et_pb_text][\/et_pb_column][\/et_pb_row][\/et_pb_section]<\/p>\n","protected":false},"excerpt":{"rendered":"<p>[et_pb_section fb_built=\u00bb1&#8243; custom_padding_last_edited=\u00bbon|desktop\u00bb admin_label=\u00bbHeader\u00bb _builder_version=\u00bb4.5.6&#8243; use_background_color_gradient=\u00bbon\u00bb background_color_gradient_start=\u00bb#ffffff\u00bb background_color_gradient_end=\u00bb#F2F2F2&#8243; background_enable_image=\u00bboff\u00bb background_size=\u00bbcontain\u00bb background_position=\u00bbtop_right\u00bb custom_padding=\u00bb38px||||false|false\u00bb custom_padding_tablet=\u00bb140px|0px|50px|0px|false|false\u00bb custom_padding_phone=\u00bb120px|||\u00bb width=\u00bb100%\u00bb][et_pb_row _builder_version=\u00bb3.25&#8243; max_width=\u00bb1280px\u00bb use_custom_width=\u00bbon\u00bb custom_width_px=\u00bb1280px\u00bb][et_pb_column type=\u00bb4_4&#8243; _builder_version=\u00bb3.25&#8243; custom_padding=\u00bb|||\u00bb custom_padding__hover=\u00bb|||\u00bb][et_pb_text _builder_version=\u00bb4.5.6&#8243; text_font=\u00bb||||||||\u00bb text_font_size=\u00bb18px\u00bb text_line_height=\u00bb2em\u00bb header_font=\u00bbEB Garamond||||||||\u00bb header_font_size=\u00bb60px\u00bb header_line_height=\u00bb1.3em\u00bb max_width=\u00bb600px\u00bb text_font_size_tablet=\u00bb\u00bb text_font_size_phone=\u00bb15px\u00bb text_font_size_last_edited=\u00bbon|phone\u00bb text_line_height_tablet=\u00bb\u00bb text_line_height_phone=\u00bb1.6em\u00bb text_line_height_last_edited=\u00bbon|phone\u00bb header_font_size_tablet=\u00bb50px\u00bb header_font_size_phone=\u00bb32px\u00bb header_font_size_last_edited=\u00bbon|phone\u00bb] ESCUDO [\/et_pb_text][et_pb_text disabled_on=\u00bboff|off|off\u00bb _builder_version=\u00bb4.5.6&#8243; _module_preset=\u00bbdefault\u00bb hover_enabled=\u00bb0&#8243;] El escudo de los Hermanos de la Sagrada [&hellip;]<\/p>\n","protected":false},"author":1,"featured_media":0,"parent":0,"menu_order":0,"comment_status":"closed","ping_status":"closed","template":"","meta":{"_et_pb_use_builder":"on","_et_pb_old_content":"","_et_gb_content_width":"","footnotes":""},"class_list":["post-538","page","type-page","status-publish","hentry"],"_links":{"self":[{"href":"https:\/\/safacasilda.com\/web2\/wp-json\/wp\/v2\/pages\/538","targetHints":{"allow":["GET"]}}],"collection":[{"href":"https:\/\/safacasilda.com\/web2\/wp-json\/wp\/v2\/pages"}],"about":[{"href":"https:\/\/safacasilda.com\/web2\/wp-json\/wp\/v2\/types\/page"}],"author":[{"embeddable":true,"href":"https:\/\/safacasilda.com\/web2\/wp-json\/wp\/v2\/users\/1"}],"replies":[{"embeddable":true,"href":"https:\/\/safacasilda.com\/web2\/wp-json\/wp\/v2\/comments?post=538"}],"version-history":[{"count":14,"href":"https:\/\/safacasilda.com\/web2\/wp-json\/wp\/v2\/pages\/538\/revisions"}],"predecessor-version":[{"id":886,"href":"https:\/\/safacasilda.com\/web2\/wp-json\/wp\/v2\/pages\/538\/revisions\/886"}],"wp:attachment":[{"href":"https:\/\/safacasilda.com\/web2\/wp-json\/wp\/v2\/media?parent=538"}],"curies":[{"name":"wp","href":"https:\/\/api.w.org\/{rel}","templated":true}]}}