{"id":211,"date":"2020-08-12T17:36:08","date_gmt":"2020-08-12T20:36:08","guid":{"rendered":"http:\/\/localhost\/HTDOCS\/safa\/web\/?page_id=211"},"modified":"2020-09-14T10:29:07","modified_gmt":"2020-09-14T13:29:07","slug":"proyectos-y-programas-pedagogicos","status":"publish","type":"page","link":"https:\/\/safacasilda.com\/web2\/proyectos-y-programas-pedagogicos\/","title":{"rendered":"CONVIVENCIAS"},"content":{"rendered":"\n[et_pb_section fb_built=\u00bb1&#8243; custom_padding_last_edited=\u00bbon|desktop\u00bb admin_label=\u00bbHeader\u00bb _builder_version=\u00bb4.5.6&#8243; background_size=\u00bbcontain\u00bb background_position=\u00bbtop_right\u00bb custom_padding=\u00bb38px||||false|false\u00bb custom_padding_tablet=\u00bb140px|0px|50px|0px|false|false\u00bb custom_padding_phone=\u00bb120px|||\u00bb hover_enabled=\u00bb0&#8243; background_enable_image=\u00bboff\u00bb use_background_color_gradient=\u00bbon\u00bb background_color_gradient_start=\u00bb#ffffff\u00bb background_color_gradient_end=\u00bb#f2f2f\u00bb][et_pb_row _builder_version=\u00bb3.25&#8243; max_width=\u00bb1280px\u00bb use_custom_width=\u00bbon\u00bb custom_width_px=\u00bb1280px\u00bb][et_pb_column type=\u00bb4_4&#8243; _builder_version=\u00bb3.25&#8243; custom_padding=\u00bb|||\u00bb custom_padding__hover=\u00bb|||\u00bb][et_pb_text _builder_version=\u00bb4.5.6&#8243; text_font=\u00bb||||||||\u00bb text_font_size=\u00bb18px\u00bb text_line_height=\u00bb2em\u00bb header_font=\u00bbEB Garamond||||||||\u00bb header_font_size=\u00bb60px\u00bb header_line_height=\u00bb1.3em\u00bb max_width=\u00bb1264px\u00bb hover_enabled=\u00bb0&#8243; text_font_size_tablet=\u00bb\u00bb text_font_size_phone=\u00bb15px\u00bb text_font_size_last_edited=\u00bbon|phone\u00bb text_line_height_tablet=\u00bb\u00bb text_line_height_phone=\u00bb1.6em\u00bb text_line_height_last_edited=\u00bbon|phone\u00bb header_font_size_tablet=\u00bb50px\u00bb header_font_size_phone=\u00bb32px\u00bb header_font_size_last_edited=\u00bbon|phone\u00bb]<h1>CONVIVENCIAS<\/h1>[\/et_pb_text][et_pb_text _builder_version=\u00bb4.5.6&#8243; _module_preset=\u00bbdefault\u00bb hover_enabled=\u00bb0&#8243;]La finalidad es que puedan compartir con sus compa\u00f1eros lo que est\u00e1n viviendo y, quiz\u00e1s, descubrir el paso de Dios por la propia vida. Se busca crear un clima de encuentro aut\u00e9ntico mediante juegos, din\u00e1micas, reflexiones, trabajos en grupo y\ncelebraciones.\nComo ya es sabido, cada convivencia, nos brinda la posibilidad de trabajar m\u00e1s espec\u00edficamente, sobre algunos valores; generando espacios adaptados a tal fin.\nComo la palabra lo indica, convivencia, es una herramienta \u00fatil para pulir aquellos aspectos de las relaciones interpersonales, que el alumno necesitara para integrarse social y\nprofesionalmente el d\u00eda de ma\u00f1ana.\nAl estilo de la persona de Cristo; plenamente hombre, fieles al proyecto que Dios tenga dise\u00f1ado sobre cada uno de nosotros.\nDe all\u00ed que sea importante, generar con los alumnos no solo espacios de formaci\u00f3n acad\u00e9mica, sino tambi\u00e9n, aquellos que ayuden a la reflexi\u00f3n, al contacto con la naturaleza, donde se\npueda admirar la creaci\u00f3n y por ella a su Creador.\nSer\u00e1 importante tambi\u00e9n, el ejercicio de cortar por unos d\u00edas con la rutina para dedicarse a la reflexi\u00f3n, con momentos necesarios de silencio, de oraci\u00f3n buscando la interioridad tan\nnecesaria para conocernos mejor a nosotros mismos y a los dem\u00e1s. Y tambi\u00e9n al deporte, caminatas al aire libre y actividades recreativas y grupales.\nImportantes para integrar a todos, porque son recreativas (no se necesita ser atleta) y para valorar al otro tal cual es.[\/et_pb_text][et_pb_gallery _builder_version=\u00bb4.5.6&#8243; _module_preset=\u00bbdefault\u00bb gallery_ids=\u00bb468,469,470,471,472,473,474,475,476,477,478,479,480,481,482,483,484,485,486&#8243; show_title_and_caption=\u00bboff\u00bb hover_enabled=\u00bb0&#8243;][\/et_pb_gallery][\/et_pb_column][\/et_pb_row][\/et_pb_section]\n","protected":false},"excerpt":{"rendered":"","protected":false},"author":1,"featured_media":0,"parent":0,"menu_order":0,"comment_status":"closed","ping_status":"closed","template":"","meta":{"_et_pb_use_builder":"on","_et_pb_old_content":"","_et_gb_content_width":"","footnotes":""},"class_list":["post-211","page","type-page","status-publish","hentry"],"_links":{"self":[{"href":"https:\/\/safacasilda.com\/web2\/wp-json\/wp\/v2\/pages\/211","targetHints":{"allow":["GET"]}}],"collection":[{"href":"https:\/\/safacasilda.com\/web2\/wp-json\/wp\/v2\/pages"}],"about":[{"href":"https:\/\/safacasilda.com\/web2\/wp-json\/wp\/v2\/types\/page"}],"author":[{"embeddable":true,"href":"https:\/\/safacasilda.com\/web2\/wp-json\/wp\/v2\/users\/1"}],"replies":[{"embeddable":true,"href":"https:\/\/safacasilda.com\/web2\/wp-json\/wp\/v2\/comments?post=211"}],"version-history":[{"count":4,"href":"https:\/\/safacasilda.com\/web2\/wp-json\/wp\/v2\/pages\/211\/revisions"}],"predecessor-version":[{"id":488,"href":"https:\/\/safacasilda.com\/web2\/wp-json\/wp\/v2\/pages\/211\/revisions\/488"}],"wp:attachment":[{"href":"https:\/\/safacasilda.com\/web2\/wp-json\/wp\/v2\/media?parent=211"}],"curies":[{"name":"wp","href":"https:\/\/api.w.org\/{rel}","templated":true}]}}